{"id":2,"date":"2019-03-07T20:03:23","date_gmt":"2019-03-07T20:03:23","guid":{"rendered":"http:\/\/mariachisenmichoacan.com\/?page_id=2"},"modified":"2026-02-24T03:56:30","modified_gmt":"2026-02-24T03:56:30","slug":"sample-page","status":"publish","type":"page","link":"https:\/\/www.mariachisenmichoacan.com\/","title":{"rendered":"Mariachi en Michoacan"},"content":{"rendered":"\n<h1 class=\"wp-block-heading\"><a href=\"https:\/\/mariachisoldeoro.com\/\"><strong>MARIACHI MIA<\/strong>MI<\/a><\/h1>\n\n\n\n<p><strong>Miami<\/strong> tiene una escena musical vibrante y diversa, y un g\u00e9nero que se destaca es la m\u00fasica de <strong>mariachi<\/strong>. Este estilo de m\u00fasica tradicional mexicana ha sido adoptado por la ciudad, y hay muchas bandas de mariachis talentosas para elegir. <strong>Mariachis en los Angeles California <\/strong>es tu mejor opcion ya sea que est\u00e9 buscando contratar una banda de mariachis para un evento especial o simplemente desee experimentar la rica herencia cultural de este estilo musical, no querr\u00e1 perderse esta gu\u00eda de los mejores <strong><a href=\"https:\/\/mariachimiamisisenor.com\/es\">mariachis en Miami<\/a>.<\/strong><\/p>\n\n\n\n<figure class=\"wp-block-image size-large\"><img loading=\"lazy\" decoding=\"async\" width=\"1024\" height=\"768\" src=\"https:\/\/www.mariachisenmichoacan.com\/wp-content\/uploads\/2024\/01\/WhatsApp-Image-2023-06-23-at-8.56.44-AM-3-1024x768.webp\" alt=\"\" class=\"wp-image-68\" srcset=\"https:\/\/www.mariachisenmichoacan.com\/wp-content\/uploads\/2024\/01\/WhatsApp-Image-2023-06-23-at-8.56.44-AM-3-1024x768.webp 1024w, https:\/\/www.mariachisenmichoacan.com\/wp-content\/uploads\/2024\/01\/WhatsApp-Image-2023-06-23-at-8.56.44-AM-3-300x225.webp 300w, https:\/\/www.mariachisenmichoacan.com\/wp-content\/uploads\/2024\/01\/WhatsApp-Image-2023-06-23-at-8.56.44-AM-3-768x576.webp 768w, https:\/\/www.mariachisenmichoacan.com\/wp-content\/uploads\/2024\/01\/WhatsApp-Image-2023-06-23-at-8.56.44-AM-3-1536x1152.webp 1536w, https:\/\/www.mariachisenmichoacan.com\/wp-content\/uploads\/2024\/01\/WhatsApp-Image-2023-06-23-at-8.56.44-AM-3-1568x1176.webp 1568w, https:\/\/www.mariachisenmichoacan.com\/wp-content\/uploads\/2024\/01\/WhatsApp-Image-2023-06-23-at-8.56.44-AM-3.webp 2048w\" sizes=\"auto, (max-width: 1024px) 100vw, 1024px\" \/><\/figure>\n\n\n\n<p><strong>Mariachi Show MX de Miami<\/strong>, una joya resplandeciente en el panorama musical de la ciudad, es una embajada viva de la rica cultura mexicana. Este conjunto, famoso por su maestr\u00eda y autenticidad, lleva las melod\u00edas llenas de alma y los ritmos vibrantes de la m\u00fasica tradicional mexicana a los corazones de su audiencia. Cada actuaci\u00f3n es una celebraci\u00f3n de sonidos, con violines que cantan, guitarrones que resuenan profundamente y vihuelas que destellan al ritmo de la m\u00fasica. Su repertorio abarca desde serenatas cargadas de emoci\u00f3n hasta rancheras llenas de vida, capturando la esencia del patrimonio musical de M\u00e9xico. Ataviados con el tradicional traje de charro, el Mariachi Show MX no solo es un deleite auditivo sino tambi\u00e9n un espect\u00e1culo visual, personificando el esp\u00edritu y la pasi\u00f3n de los <strong><a href=\"https:\/\/mariachishowmx.com\/\">mariachi in Miami<\/a><\/strong>. Como verdaderos embajadores de esta forma de arte amada, han ganado reconocimiento y cari\u00f1o, convirti\u00e9ndose en una parte integral y apreciada de la escena musical diversa de Miami<\/p>\n\n\n\n<p>En Antioquia existen muchos mariachis de gran calidad, uno de ellos es el <a href=\"https:\/\/www.mariachialamo.com\/\"><strong>Mariachis en Medell\u00edn<\/strong><\/a>, donde podr\u00e1 Hacer sus Contrataciones Directas de Mariachis sin Intermediarios. <\/p>\n\n\n\n<figure class=\"wp-block-image size-full\"><img loading=\"lazy\" decoding=\"async\" width=\"1024\" height=\"674\" src=\"https:\/\/www.mariachisenmichoacan.com\/wp-content\/uploads\/2026\/02\/mariachis-cali.jpg\" alt=\"\" class=\"wp-image-81\" srcset=\"https:\/\/www.mariachisenmichoacan.com\/wp-content\/uploads\/2026\/02\/mariachis-cali.jpg 1024w, https:\/\/www.mariachisenmichoacan.com\/wp-content\/uploads\/2026\/02\/mariachis-cali-300x197.jpg 300w, https:\/\/www.mariachisenmichoacan.com\/wp-content\/uploads\/2026\/02\/mariachis-cali-768x506.jpg 768w\" sizes=\"auto, (max-width: 1024px) 100vw, 1024px\" \/><\/figure>\n\n\n\n<p>Esperamos sea de su Agrado Este Sitio, Que Esta Especialmente Dise\u00f1ado Para Usted Que Gusta de la Buena M\u00fasica de Mariachis <\/p>\n\n\n\n<p><strong><a href=\"https:\/\/www.mariachiarrieros.com.co\/\">MARIACHIS MEDELLIN<\/a> <\/strong>&nbsp;Somos un mariachi de alta calidad, le atribuimos esto, a la amplia trayectoria en el medio art\u00edstico, considerando lo que usted requiere, ajust\u00e1ndonos a sus necesidades, lo que busca al contratar un mariachi lo encontrara con nosotros, somos un grupo musical vers\u00e1til, perfectamente conformado buena presentaci\u00f3n, excelentes voces, y muy amplio repertorio, le tocamos las melod\u00edas de acuerdo a su festejo, una vez contrat\u00e1ndolos notara por qu\u00e9 sobresalimos entre los dem\u00e1s grupos, por todo esto y por experiencia <strong>Mariachis en Salt lake city utah<\/strong> es tu mejor opci\u00f3n. Nada como contratar mariachis de primer nivel para tener el \u00e9xito so\u00f1ado en fiestas y celebraciones.<\/p>\n\n\n\n<figure class=\"wp-block-embed is-type-video is-provider-youtube wp-block-embed-youtube wp-embed-aspect-4-3 wp-has-aspect-ratio\"><div class=\"wp-block-embed__wrapper\">\n<iframe loading=\"lazy\" title=\"Mariachi Alamo Caracas\" width=\"640\" height=\"480\" src=\"https:\/\/www.youtube.com\/embed\/qaXyt1UT-vc?feature=oembed\" frameborder=\"0\" allow=\"accelerometer; autoplay; clipboard-write; encrypted-media; gyroscope; picture-in-picture; web-share\" referrerpolicy=\"strict-origin-when-cross-origin\" allowfullscreen><\/iframe>\n<\/div><\/figure>\n\n\n\n<p><strong><a href=\"https:\/\/mariachifenixshow.com\/\">MARIACHIS EN MEDELL\u00cdN<\/a><\/strong> : Se compone actualmente de 7 m\u00fasicos estudiados, j\u00f3venes competentes para poder brindarles todo tipo de m\u00fasica y darles el mejor ambiente que merecen en su evento, contando el grupo con una amplia gama en su repertorio musical.<\/p>\n\n\n\n<p>Mariachi Hernandez a precios Bajos, servicio a Domicilio en toda la ciudad y municipios cercanos, Mariachi Loco y Aventurero en Cali. Mariachis en Medellin, Mariachis en Bello, Mariachis en Envigado, Serenatas en Antioquia Colombia. Optimo Aspecto Personal. Calidad Musical y Vocal. Cumplimiento al 200%.<\/p>\n\n\n\n<p>Amplio repertorio, variedad de uniformes, serenatas alegres, diversos paquetes y obsequios. No dudes en llamarnos, haremos de su evento un recuerdo inolvidable. Mariachi clase aparte Atendemos eventos sociales. Sonido Amplificado. M\u00fasicos profesionales.<\/p>\n\n\n\n<p>Les ofrecemos un excelente grupo musical de mariachis, para todo tipo de evento social, empresarial o ejecutivo, particular u otro. Brind\u00e1ndoles a todos sus distinguidos invitados el mejor y m\u00e1s amplio repertorio, garantiz\u00e1ndole la satisfacci\u00f3n total en su evento.<\/p>\n\n\n\n<p>Para celebrar un cumplea\u00f1os o fecha importante. Ll\u00e1manos para crear un plan a tu medida. Planes personalizados. Costos accesibles. <strong><a href=\"https:\/\/mariachimiamisisenor.com\/mariachis-homestead\/\">Mariachis Homestead<\/a><\/strong>: Disponibles 24 hrs para todas tus festividades. Categor\u00edas: Cobertura en Santa fe de toda la florida, Promociones Contiguas.<\/p>\n\n\n\n<p>Mariachis alegres Para Serenatas Alegres, diferentes voces, Juveniles Voz Femenina y Masculina Excelente Show. Los mejores mariachis para toda evento. Ideales para todos los eventos: Quince a\u00f1os, Cumplea\u00f1os. Juvenil. Econ\u00f3mico, mejor calidad e ideal para todo tipo de eventos. <a href=\"https:\/\/mariachilucerito.com\/mariachis-en-itagui\/\"><strong>Mariachi en Itagui<\/strong><\/a> Siete m\u00fasicos en escena.<\/p>\n\n\n\n<figure class=\"wp-block-embed is-type-video is-provider-youtube wp-block-embed-youtube wp-embed-aspect-16-9 wp-has-aspect-ratio\"><div class=\"wp-block-embed__wrapper\">\n<iframe loading=\"lazy\" title=\"Matemos las ganas C\u00e9sar Alamo\" width=\"640\" height=\"360\" src=\"https:\/\/www.youtube.com\/embed\/CejvngYrMXA?feature=oembed\" frameborder=\"0\" allow=\"accelerometer; autoplay; clipboard-write; encrypted-media; gyroscope; picture-in-picture; web-share\" referrerpolicy=\"strict-origin-when-cross-origin\" allowfullscreen><\/iframe>\n<\/div><\/figure>\n\n\n\n<p>Somos un grupo de m\u00fasicos de Medell\u00edn tocando m\u00fasica de mariachi con m\u00e1s de 5 a\u00f1os de experiencia que desea traer la alegr\u00eda y entretenimiento a sus hogares y negocios cual fuera sea el motivo. Bodas, Despedidas, Grados, Quinces, Fiesta de Aniversario, etc. <br><br><strong><a href=\"https:\/\/mariachisencali.club\/\">Grupos de Mariachis en Cali<\/a><\/strong>: &nbsp; \u00c9sta agrupaci\u00f3n tiene como fin, llevar el aut\u00e9ntico Folklor Mexicano a P\u00fablico del Valle del Cauca y que personas de cualquier edad o condici\u00f3n social sienta la alegr\u00eda del esp\u00edritu Mariachi.<\/p>\n\n\n\n<p><strong>Mariachi Estrellas de M\u00e9xico de Cali<\/strong> es una agrupaci\u00f3n que brilla con luz propia en cada escenario. Su nombre no es casualidad: cada integrante aporta talento, disciplina y pasi\u00f3n para ofrecer presentaciones llenas de fuerza, elegancia y autenticidad mexicana.<\/p>\n\n\n\n<p>Con un repertorio que abarca desde las rancheras m\u00e1s ic\u00f3nicas hasta baladas y \u00e9xitos populares adaptados al estilo mariachi, logran crear momentos cargados de emoci\u00f3n y alegr\u00eda. Sus voces potentes, acompa\u00f1adas por trompetas imponentes y violines armoniosos, generan una atm\u00f3sfera que conecta profundamente con el p\u00fablico.<\/p>\n\n\n\n<p>Reconocidos entre los mejores mariachis en Cali, se destacan por su impecable imagen, puntualidad y compromiso con la calidad musical. Ya sea en serenatas rom\u00e1nticas, celebraciones familiares o grandes eventos empresariales, Mariachi Estrellas de M\u00e9xico de Cali transforma cada presentaci\u00f3n en un espect\u00e1culo inolvidable donde la tradici\u00f3n y el talento se unen para celebrar la m\u00fasica con el coraz\u00f3n.<\/p>\n\n\n\n<figure class=\"wp-block-image size-full\"><img loading=\"lazy\" decoding=\"async\" width=\"900\" height=\"675\" src=\"https:\/\/www.mariachisenmichoacan.com\/wp-content\/uploads\/2024\/01\/DSCN3128.jpg\" alt=\"\" class=\"wp-image-71\" srcset=\"https:\/\/www.mariachisenmichoacan.com\/wp-content\/uploads\/2024\/01\/DSCN3128.jpg 900w, https:\/\/www.mariachisenmichoacan.com\/wp-content\/uploads\/2024\/01\/DSCN3128-300x225.jpg 300w, https:\/\/www.mariachisenmichoacan.com\/wp-content\/uploads\/2024\/01\/DSCN3128-768x576.jpg 768w\" sizes=\"auto, (max-width: 900px) 100vw, 900px\" \/><\/figure>\n\n\n\n<p><strong><a href=\"https:\/\/www.mariachipanchovillacali.com\/\">Mariachis en Cali<\/a>:<\/strong> Somos un grupo musical vers\u00e1til y brindamos m\u00fasica regional mexicana para toda ocasi\u00f3n. Tocamos cumbias, norte\u00f1as. Zapateados&nbsp; o show de zapateo, Quebraditas, corridos, etc.<\/p>\n\n\n\n<p><strong>Mariachi Pancho Villa de Cali<\/strong> es sin\u00f3nimo de elegancia, tradici\u00f3n y espect\u00e1culo de alto nivel en el suroccidente colombiano. Con una puesta en escena impecable y un repertorio que combina los grandes cl\u00e1sicos de la m\u00fasica ranchera con \u00e9xitos rom\u00e1nticos y populares, esta agrupaci\u00f3n ha logrado conquistar serenatas, bodas, cumplea\u00f1os y eventos empresariales en toda la regi\u00f3n.<\/p>\n\n\n\n<p>Su sello distintivo es la fuerza interpretativa: trompetas vibrantes, violines perfectamente sincronizados y voces que transmiten emoci\u00f3n aut\u00e9ntica en cada canci\u00f3n. M\u00e1s que una presentaci\u00f3n musical, ofrecen una experiencia llena de sentimiento, energ\u00eda y conexi\u00f3n con el p\u00fablico.<\/p>\n\n\n\n<p>Inspirados en el esp\u00edritu valiente y festivo que evoca su nombre, el Mariachi Pancho Villa de Cali representa la pasi\u00f3n mexicana fusionada con el carisma cale\u00f1o. Profesionalismo, puntualidad y excelente imagen art\u00edstica los convierten en una opci\u00f3n ideal para quienes buscan una serenata inolvidable y un espect\u00e1culo que realmente marque la diferencia.<\/p>\n","protected":false},"excerpt":{"rendered":"<p>MARIACHI MIAMI Miami tiene una escena musical vibrante y diversa, y un g\u00e9nero que se destaca es la m\u00fasica de mariachi. Este estilo de m\u00fasica tradicional mexicana ha sido adoptado por la ciudad, y hay muchas bandas de mariachis talentosas para elegir. Mariachis en los Angeles California es tu mejor opcion ya sea que est\u00e9 &hellip; <\/p>\n<p class=\"link-more\"><a href=\"https:\/\/www.mariachisenmichoacan.com\/\" class=\"more-link\">Sigue leyendo<span class=\"screen-reader-text\"> \u00abMariachi en Michoacan\u00bb<\/span><\/a><\/p>\n","protected":false},"author":1,"featured_media":0,"parent":0,"menu_order":0,"comment_status":"closed","ping_status":"open","template":"","meta":{"footnotes":""},"class_list":["post-2","page","type-page","status-publish","hentry","entry"],"yoast_head":"<!-- This site is optimized with the Yoast SEO plugin v17.5 - https:\/\/yoast.com\/wordpress\/plugins\/seo\/ -->\n<title>Los Mejores Mariachichis de Miami, Medellin, Cali, Bogota<\/title>\n<meta name=\"description\" content=\"Descubre los Mejores Mariachis de Cali, Medellin, Bogota, Miami y Mexico. Alegr\u00eda para tus fiestas y Celebraciones.\" \/>\n<meta name=\"robots\" content=\"index, follow, max-snippet:-1, max-image-preview:large, max-video-preview:-1\" \/>\n<link rel=\"canonical\" href=\"https:\/\/www.mariachisenmichoacan.com\/\" \/>\n<meta property=\"og:locale\" content=\"es_ES\" \/>\n<meta property=\"og:type\" content=\"article\" \/>\n<meta property=\"og:title\" content=\"Los Mejores Mariachichis de Miami, Medellin, Cali, Bogota\" \/>\n<meta property=\"og:description\" content=\"Descubre los Mejores Mariachis de Cali, Medellin, Bogota, Miami y Mexico. Alegr\u00eda para tus fiestas y Celebraciones.\" \/>\n<meta property=\"og:url\" content=\"https:\/\/www.mariachisenmichoacan.com\/\" \/>\n<meta property=\"article:modified_time\" content=\"2026-02-24T03:56:30+00:00\" \/>\n<meta property=\"og:image\" content=\"https:\/\/www.mariachisenmichoacan.com\/wp-content\/uploads\/2024\/01\/WhatsApp-Image-2023-06-23-at-8.56.44-AM-3-1024x768.webp\" \/>\n<meta name=\"twitter:card\" content=\"summary_large_image\" \/>\n<meta name=\"twitter:label1\" content=\"Tiempo estimado de lectura\" \/>\n\t<meta name=\"twitter:data1\" content=\"3 minutos\" \/>\n<script type=\"application\/ld+json\" class=\"yoast-schema-graph\">{\"@context\":\"https:\/\/schema.org\",\"@graph\":[{\"@type\":\"WebSite\",\"@id\":\"https:\/\/www.mariachisenmichoacan.com\/#website\",\"url\":\"https:\/\/www.mariachisenmichoacan.com\/\",\"name\":\"\",\"description\":\"\",\"potentialAction\":[{\"@type\":\"SearchAction\",\"target\":{\"@type\":\"EntryPoint\",\"urlTemplate\":\"https:\/\/www.mariachisenmichoacan.com\/?s={search_term_string}\"},\"query-input\":\"required name=search_term_string\"}],\"inLanguage\":\"es-CO\"},{\"@type\":\"ImageObject\",\"@id\":\"https:\/\/www.mariachisenmichoacan.com\/#primaryimage\",\"inLanguage\":\"es-CO\",\"url\":\"https:\/\/www.mariachisenmichoacan.com\/wp-content\/uploads\/2024\/01\/WhatsApp-Image-2023-06-23-at-8.56.44-AM-3-1024x768.webp\",\"contentUrl\":\"https:\/\/www.mariachisenmichoacan.com\/wp-content\/uploads\/2024\/01\/WhatsApp-Image-2023-06-23-at-8.56.44-AM-3-1024x768.webp\"},{\"@type\":\"WebPage\",\"@id\":\"https:\/\/www.mariachisenmichoacan.com\/#webpage\",\"url\":\"https:\/\/www.mariachisenmichoacan.com\/\",\"name\":\"Los Mejores Mariachichis de Miami, Medellin, Cali, Bogota\",\"isPartOf\":{\"@id\":\"https:\/\/www.mariachisenmichoacan.com\/#website\"},\"primaryImageOfPage\":{\"@id\":\"https:\/\/www.mariachisenmichoacan.com\/#primaryimage\"},\"datePublished\":\"2019-03-07T20:03:23+00:00\",\"dateModified\":\"2026-02-24T03:56:30+00:00\",\"description\":\"Descubre los Mejores Mariachis de Cali, Medellin, Bogota, Miami y Mexico. Alegr\\u00eda para tus fiestas y Celebraciones.\",\"breadcrumb\":{\"@id\":\"https:\/\/www.mariachisenmichoacan.com\/#breadcrumb\"},\"inLanguage\":\"es-CO\",\"potentialAction\":[{\"@type\":\"ReadAction\",\"target\":[\"https:\/\/www.mariachisenmichoacan.com\/\"]}]},{\"@type\":\"BreadcrumbList\",\"@id\":\"https:\/\/www.mariachisenmichoacan.com\/#breadcrumb\",\"itemListElement\":[{\"@type\":\"ListItem\",\"position\":1,\"name\":\"Inicio\",\"item\":\"https:\/\/www.mariachisenmichoacan.com\/\"},{\"@type\":\"ListItem\",\"position\":2,\"name\":\"Mariachi en Michoacan\"}]}]}<\/script>\n<!-- \/ Yoast SEO plugin. -->","yoast_head_json":{"title":"Los Mejores Mariachichis de Miami, Medellin, Cali, Bogota","description":"Descubre los Mejores Mariachis de Cali, Medellin, Bogota, Miami y Mexico. Alegr\u00eda para tus fiestas y Celebraciones.","robots":{"index":"index","follow":"follow","max-snippet":"max-snippet:-1","max-image-preview":"max-image-preview:large","max-video-preview":"max-video-preview:-1"},"canonical":"https:\/\/www.mariachisenmichoacan.com\/","og_locale":"es_ES","og_type":"article","og_title":"Los Mejores Mariachichis de Miami, Medellin, Cali, Bogota","og_description":"Descubre los Mejores Mariachis de Cali, Medellin, Bogota, Miami y Mexico. Alegr\u00eda para tus fiestas y Celebraciones.","og_url":"https:\/\/www.mariachisenmichoacan.com\/","article_modified_time":"2026-02-24T03:56:30+00:00","og_image":[{"url":"https:\/\/www.mariachisenmichoacan.com\/wp-content\/uploads\/2024\/01\/WhatsApp-Image-2023-06-23-at-8.56.44-AM-3-1024x768.webp"}],"twitter_card":"summary_large_image","twitter_misc":{"Tiempo estimado de lectura":"3 minutos"},"schema":{"@context":"https:\/\/schema.org","@graph":[{"@type":"WebSite","@id":"https:\/\/www.mariachisenmichoacan.com\/#website","url":"https:\/\/www.mariachisenmichoacan.com\/","name":"","description":"","potentialAction":[{"@type":"SearchAction","target":{"@type":"EntryPoint","urlTemplate":"https:\/\/www.mariachisenmichoacan.com\/?s={search_term_string}"},"query-input":"required name=search_term_string"}],"inLanguage":"es-CO"},{"@type":"ImageObject","@id":"https:\/\/www.mariachisenmichoacan.com\/#primaryimage","inLanguage":"es-CO","url":"https:\/\/www.mariachisenmichoacan.com\/wp-content\/uploads\/2024\/01\/WhatsApp-Image-2023-06-23-at-8.56.44-AM-3-1024x768.webp","contentUrl":"https:\/\/www.mariachisenmichoacan.com\/wp-content\/uploads\/2024\/01\/WhatsApp-Image-2023-06-23-at-8.56.44-AM-3-1024x768.webp"},{"@type":"WebPage","@id":"https:\/\/www.mariachisenmichoacan.com\/#webpage","url":"https:\/\/www.mariachisenmichoacan.com\/","name":"Los Mejores Mariachichis de Miami, Medellin, Cali, Bogota","isPartOf":{"@id":"https:\/\/www.mariachisenmichoacan.com\/#website"},"primaryImageOfPage":{"@id":"https:\/\/www.mariachisenmichoacan.com\/#primaryimage"},"datePublished":"2019-03-07T20:03:23+00:00","dateModified":"2026-02-24T03:56:30+00:00","description":"Descubre los Mejores Mariachis de Cali, Medellin, Bogota, Miami y Mexico. Alegr\u00eda para tus fiestas y Celebraciones.","breadcrumb":{"@id":"https:\/\/www.mariachisenmichoacan.com\/#breadcrumb"},"inLanguage":"es-CO","potentialAction":[{"@type":"ReadAction","target":["https:\/\/www.mariachisenmichoacan.com\/"]}]},{"@type":"BreadcrumbList","@id":"https:\/\/www.mariachisenmichoacan.com\/#breadcrumb","itemListElement":[{"@type":"ListItem","position":1,"name":"Inicio","item":"https:\/\/www.mariachisenmichoacan.com\/"},{"@type":"ListItem","position":2,"name":"Mariachi en Michoacan"}]}]}},"_links":{"self":[{"href":"https:\/\/www.mariachisenmichoacan.com\/index.php\/wp-json\/wp\/v2\/pages\/2","targetHints":{"allow":["GET"]}}],"collection":[{"href":"https:\/\/www.mariachisenmichoacan.com\/index.php\/wp-json\/wp\/v2\/pages"}],"about":[{"href":"https:\/\/www.mariachisenmichoacan.com\/index.php\/wp-json\/wp\/v2\/types\/page"}],"author":[{"embeddable":true,"href":"https:\/\/www.mariachisenmichoacan.com\/index.php\/wp-json\/wp\/v2\/users\/1"}],"replies":[{"embeddable":true,"href":"https:\/\/www.mariachisenmichoacan.com\/index.php\/wp-json\/wp\/v2\/comments?post=2"}],"version-history":[{"count":36,"href":"https:\/\/www.mariachisenmichoacan.com\/index.php\/wp-json\/wp\/v2\/pages\/2\/revisions"}],"predecessor-version":[{"id":82,"href":"https:\/\/www.mariachisenmichoacan.com\/index.php\/wp-json\/wp\/v2\/pages\/2\/revisions\/82"}],"wp:attachment":[{"href":"https:\/\/www.mariachisenmichoacan.com\/index.php\/wp-json\/wp\/v2\/media?parent=2"}],"curies":[{"name":"wp","href":"https:\/\/api.w.org\/{rel}","templated":true}]}}